{"id":36,"date":"2023-06-22T18:41:59","date_gmt":"2023-06-22T15:41:59","guid":{"rendered":"http:\/\/www.zeytindergisi.com\/?page_id=36"},"modified":"2023-07-14T23:38:04","modified_gmt":"2023-07-14T20:38:04","slug":"guncel","status":"publish","type":"page","link":"http:\/\/www.zeytindergisi.com\/index.php\/guncel\/","title":{"rendered":"G\u00dcNCEL"},"content":{"rendered":"<div id=\"metaslider-id-334\" style=\"width: 100%;\" class=\"ml-slider-3-104-0 metaslider metaslider-flex metaslider-334 ml-slider has-dots-nav ms-theme-default\" role=\"region\" aria-label=\"Zeytin G\u00fcvesi\" data-height=\"300\" data-width=\"700\">\n    <div id=\"metaslider_container_334\">\n        <div id=\"metaslider_334\">\n            <ul class='slides'>\n                <li style=\"display: block; width: 100%;\" class=\"slide-341 ms-image \" aria-roledescription=\"slide\" data-date=\"2023-07-05 18:47:40\" data-filename=\"zeytin_guvesi_1.jpg\" data-slide-type=\"image\"><img loading=\"lazy\" decoding=\"async\" src=\"http:\/\/www.zeytindergisi.com\/wp-content\/uploads\/2023\/07\/zeytin_guvesi_1.jpg\" height=\"300\" width=\"700\" alt=\"\" class=\"slider-334 slide-341 msDefaultImage\" title=\"zeytin_g\u00fcvesi_1\" \/><\/li>\n                <li style=\"display: none; width: 100%;\" class=\"slide-342 ms-image \" aria-roledescription=\"slide\" data-date=\"2023-07-05 18:47:40\" data-filename=\"zeytin_guvesi_2.jpg\" data-slide-type=\"image\"><img loading=\"lazy\" decoding=\"async\" src=\"http:\/\/www.zeytindergisi.com\/wp-content\/uploads\/2023\/07\/zeytin_guvesi_2.jpg\" height=\"300\" width=\"700\" alt=\"\" class=\"slider-334 slide-342 msDefaultImage\" title=\"zeytin_g\u00fcvesi_2\" \/><\/li>\n                <li style=\"display: none; width: 100%;\" class=\"slide-343 ms-image \" aria-roledescription=\"slide\" data-date=\"2023-07-05 18:47:40\" data-filename=\"zeytin_guvesi_3.jpg\" data-slide-type=\"image\"><img loading=\"lazy\" decoding=\"async\" src=\"http:\/\/www.zeytindergisi.com\/wp-content\/uploads\/2023\/07\/zeytin_guvesi_3.jpg\" height=\"300\" width=\"700\" alt=\"\" class=\"slider-334 slide-343 msDefaultImage\" title=\"zeytin_g\u00fcvesi_3\" \/><\/li>\n                <li style=\"display: none; width: 100%;\" class=\"slide-344 ms-image \" aria-roledescription=\"slide\" data-date=\"2023-07-05 18:47:40\" data-filename=\"zeytin_guvesi_4.jpg\" data-slide-type=\"image\"><img loading=\"lazy\" decoding=\"async\" src=\"http:\/\/www.zeytindergisi.com\/wp-content\/uploads\/2023\/07\/zeytin_guvesi_4.jpg\" height=\"300\" width=\"700\" alt=\"\" class=\"slider-334 slide-344 msDefaultImage\" title=\"zeytin_g\u00fcvesi_4\" \/><\/li>\n                <li style=\"display: none; width: 100%;\" class=\"slide-345 ms-image \" aria-roledescription=\"slide\" data-date=\"2023-07-05 18:47:40\" data-filename=\"zeytin_guvesi_5.jpg\" data-slide-type=\"image\"><img loading=\"lazy\" decoding=\"async\" src=\"http:\/\/www.zeytindergisi.com\/wp-content\/uploads\/2023\/07\/zeytin_guvesi_5.jpg\" height=\"300\" width=\"700\" alt=\"\" class=\"slider-334 slide-345 msDefaultImage\" title=\"zeytin_g\u00fcvesi_5\" \/><\/li>\n                <li style=\"display: none; width: 100%;\" class=\"slide-346 ms-image \" aria-roledescription=\"slide\" data-date=\"2023-07-05 18:47:40\" data-filename=\"zeytin_guvesi_6.jpg\" data-slide-type=\"image\"><img loading=\"lazy\" decoding=\"async\" src=\"http:\/\/www.zeytindergisi.com\/wp-content\/uploads\/2023\/07\/zeytin_guvesi_6.jpg\" height=\"300\" width=\"700\" alt=\"\" class=\"slider-334 slide-346 msDefaultImage\" title=\"zeytin_g\u00fcvesi_6\" \/><\/li>\n            <\/ul>\n        <\/div>\n        \n    <\/div>\n<\/div>\n\n\n\n<p>Sevgili Zeytin Severler,<\/p>\n\n\n\n<p>Bug\u00fcn sizlere zeytin sekt\u00f6r\u00fcn\u00fc yak\u0131ndan ilgilendiren \u00f6nemli bir konudan bahsetmek istiyorum. Son y\u0131llarda d\u00fcnya genelinde zeytin a\u011fa\u00e7lar\u0131n\u0131 tehdit eden ve b\u00fcy\u00fck kay\u0131plara yol a\u00e7abilen Xylella fastidiosa adl\u0131 bakteriyle ilgili olarak umut verici geli\u015fmeler ya\u015fan\u0131yor.<\/p>\n\n\n\n<p>Detaylar: Xylella fastidiosa bakterisi, zeytin a\u011fa\u00e7lar\u0131nda ciddi zararlara neden olan &#8220;Olive Quick Decline Syndrome&#8221; (OQDS) veya &#8220;Zeytin H\u0131zl\u0131 Gerileme Sendromu&#8221; olarak bilinen bir hastal\u0131\u011fa sebep oluyor. Bu hastal\u0131k, \u00f6zellikle Akdeniz b\u00f6lgesindeki zeytin \u00fcreticileri i\u00e7in b\u00fcy\u00fck bir endi\u015fe kayna\u011f\u0131 olmu\u015ftur.<\/p>\n\n\n\n<p>Ancak, son y\u0131llarda yap\u0131lan ara\u015ft\u0131rmalar ve uluslararas\u0131 i\u015fbirlikleri sayesinde Xylella fastidiosa&#8217;n\u0131n yay\u0131lmas\u0131n\u0131 durdurmak ve zeytin a\u011fa\u00e7lar\u0131n\u0131 korumak i\u00e7in yeni ad\u0131mlar at\u0131lm\u0131\u015ft\u0131r. \u00d6zellikle hastal\u0131\u011f\u0131n yay\u0131lmas\u0131n\u0131 kontrol alt\u0131na almak ve etkilenen b\u00f6lgelerdeki zeytin a\u011fa\u00e7lar\u0131n\u0131 kurtarmak i\u00e7in m\u00fccadele stratejileri geli\u015ftirilmi\u015ftir.<\/p>\n\n\n<div class=\"wp-block-image\">\n<figure class=\"aligncenter size-full\"><img loading=\"lazy\" decoding=\"async\" width=\"776\" height=\"165\" src=\"http:\/\/www.zeytindergisi.com\/wp-content\/uploads\/2023\/06\/Xylella-fastidiosa.jpg\" alt=\"\" class=\"wp-image-39\" srcset=\"http:\/\/www.zeytindergisi.com\/wp-content\/uploads\/2023\/06\/Xylella-fastidiosa.jpg 776w, http:\/\/www.zeytindergisi.com\/wp-content\/uploads\/2023\/06\/Xylella-fastidiosa-300x64.jpg 300w, http:\/\/www.zeytindergisi.com\/wp-content\/uploads\/2023\/06\/Xylella-fastidiosa-768x163.jpg 768w\" sizes=\"auto, (max-width: 776px) 100vw, 776px\" \/><\/figure>\n<\/div>\n\n\n<p>Bunlardan biri, erken te\u015fhis ve h\u0131zl\u0131 m\u00fcdahale i\u00e7in geli\u015ftirilen yeni teknolojilerdir. Ara\u015ft\u0131rmac\u0131lar, Xylella fastidiosa&#8217;y\u0131 tespit etmek i\u00e7in kullan\u0131labilecek duyarl\u0131 ve h\u0131zl\u0131 te\u015fhis y\u00f6ntemleri \u00fczerinde \u00e7al\u0131\u015fmaktad\u0131r. Bu sayede, hastal\u0131\u011f\u0131n yay\u0131lmas\u0131 engellenerek etkilenen a\u011fa\u00e7lar h\u0131zla izole edilebilir ve tedavi edilebilir.<\/p>\n\n\n\n<p>Ayr\u0131ca, uluslararas\u0131 d\u00fczeyde yap\u0131lan i\u015fbirlikleri ve bilgi payla\u015f\u0131m\u0131 da hastal\u0131kla m\u00fccadelede \u00f6nemli bir rol oynamaktad\u0131r. Zeytin \u00fcreticileri, ara\u015ft\u0131rmac\u0131lar, bilim insanlar\u0131 ve devlet kurumlar\u0131 aras\u0131nda ger\u00e7ekle\u015ftirilen ortak projeler ve bilgi payla\u015f\u0131m\u0131, daha etkili ve koordineli bir m\u00fccadele stratejisi olu\u015fturmay\u0131 ama\u00e7lamaktad\u0131r.<\/p>\n\n\n\n<p>Sonu\u00e7: Zeytin sekt\u00f6r\u00fcn\u00fcn gelece\u011fi i\u00e7in Xylella fastidiosa bakterisiyle m\u00fccadelede at\u0131lan bu yeni ad\u0131mlar, umut vaat etmektedir. Bu geli\u015fmeler, zeytin a\u011fa\u00e7lar\u0131n\u0131 tehdit eden hastal\u0131\u011f\u0131n yay\u0131lmas\u0131n\u0131n kontrol alt\u0131na al\u0131nmas\u0131na ve zeytin \u00fcreticilerinin daha etkin bir \u015fekilde m\u00fccadele etmelerine yard\u0131mc\u0131 olacakt\u0131r.<\/p>\n\n\n\n<p><strong>ZEYT\u0130N DERG\u0130S\u0130<\/strong><br><\/p>\n\n\n\n<p><strong>Bizim g\u00fcncel i\u00e7eriklerimizden haberdar olmak i\u00e7in a\u015fa\u011f\u0131daki formu doldurabilirsiniz.<\/strong><\/p>\n\n\n<div class=\"wpforms-container wpforms-container-full wpforms-block wpforms-block-0b1cbd1e-bd8f-4c26-8185-3a92c9b9f31a wpforms-render-modern\" id=\"wpforms-445\"><form id=\"wpforms-form-445\" class=\"wpforms-validate wpforms-form wpforms-ajax-form\" data-formid=\"445\" method=\"post\" enctype=\"multipart\/form-data\" action=\"\/index.php\/wp-json\/wp\/v2\/pages\/36\" data-token=\"a423dfdabb7a5d57fdd8d55992120d69\" data-token-time=\"1776376785\"><noscript class=\"wpforms-error-noscript\">Bu formu bitirebilmek i\u00e7in taray\u0131c\u0131n\u0131zda JavaScript&#039;i etkinle\u015ftirin.<\/noscript><div id=\"wpforms-error-noscript\" style=\"display: none;\">Bu formu bitirebilmek i\u00e7in taray\u0131c\u0131n\u0131zda JavaScript&#039;i etkinle\u015ftirin.<\/div><div class=\"wpforms-field-container\"><div id=\"wpforms-445-field_1-container\" class=\"wpforms-field wpforms-field-name\" data-field-id=\"1\"><fieldset><legend class=\"wpforms-field-label\">Name <span class=\"wpforms-required-label\" aria-hidden=\"true\">*<\/span><\/legend><div class=\"wpforms-field-row wpforms-field-medium\"><div class=\"wpforms-field-row-block wpforms-first wpforms-one-half\"><input type=\"text\" id=\"wpforms-445-field_1\" class=\"wpforms-field-name-first wpforms-field-required\" name=\"wpforms[fields][1][first]\" aria-errormessage=\"wpforms-445-field_1-error\" required><label for=\"wpforms-445-field_1\" class=\"wpforms-field-sublabel after\">Ad<\/label><\/div><div class=\"wpforms-field-row-block wpforms-one-half\"><input type=\"text\" id=\"wpforms-445-field_1-last\" class=\"wpforms-field-name-last wpforms-field-required\" name=\"wpforms[fields][1][last]\" aria-errormessage=\"wpforms-445-field_1-last-error\" required><label for=\"wpforms-445-field_1-last\" class=\"wpforms-field-sublabel after\">Soyad<\/label><\/div><\/div><\/fieldset><\/div><div id=\"wpforms-445-field_2-container\" class=\"wpforms-field wpforms-field-email\" data-field-id=\"2\"><label class=\"wpforms-field-label\" for=\"wpforms-445-field_2\">Email <span class=\"wpforms-required-label\" aria-hidden=\"true\">*<\/span><\/label><input type=\"email\" id=\"wpforms-445-field_2\" class=\"wpforms-field-medium wpforms-field-required\" name=\"wpforms[fields][2]\" spellcheck=\"false\" aria-errormessage=\"wpforms-445-field_2-error\" required><\/div><\/div><!-- .wpforms-field-container --><div class=\"wpforms-submit-container\" ><input type=\"hidden\" name=\"wpforms[id]\" value=\"445\"><input type=\"hidden\" name=\"page_title\" value=\"\"><input type=\"hidden\" name=\"page_url\" value=\"http:\/\/www.zeytindergisi.com\/index.php\/wp-json\/wp\/v2\/pages\/36\"><input type=\"hidden\" name=\"url_referer\" value=\"\"><button type=\"submit\" name=\"wpforms[submit]\" id=\"wpforms-submit-445\" class=\"wpforms-submit\" data-alt-text=\"G\u00f6nderiliyor...\" data-submit-text=\"G\u00f6nder\" aria-live=\"assertive\" value=\"wpforms-submit\">G\u00f6nder<\/button><img loading=\"lazy\" decoding=\"async\" src=\"http:\/\/www.zeytindergisi.com\/wp-content\/plugins\/wpforms-lite\/assets\/images\/submit-spin.svg\" class=\"wpforms-submit-spinner\" style=\"display: none;\" width=\"26\" height=\"26\" alt=\"Y\u00fckleniyor\"><\/div><\/form><\/div>  <!-- .wpforms-container -->","protected":false},"excerpt":{"rendered":"<p>Sevgili Zeytin Severler, Bug\u00fcn sizlere zeytin sekt\u00f6r\u00fcn\u00fc yak\u0131ndan ilgilendiren \u00f6nemli bir konudan bahsetmek istiyorum. Son y\u0131llarda d\u00fcnya genelinde zeytin a\u011fa\u00e7lar\u0131n\u0131 tehdit eden ve b\u00fcy\u00fck<\/p>\n","protected":false},"author":1,"featured_media":0,"parent":0,"menu_order":0,"comment_status":"closed","ping_status":"closed","template":"","meta":{"footnotes":""},"class_list":["post-36","page","type-page","status-publish","hentry"],"_links":{"self":[{"href":"http:\/\/www.zeytindergisi.com\/index.php\/wp-json\/wp\/v2\/pages\/36","targetHints":{"allow":["GET"]}}],"collection":[{"href":"http:\/\/www.zeytindergisi.com\/index.php\/wp-json\/wp\/v2\/pages"}],"about":[{"href":"http:\/\/www.zeytindergisi.com\/index.php\/wp-json\/wp\/v2\/types\/page"}],"author":[{"embeddable":true,"href":"http:\/\/www.zeytindergisi.com\/index.php\/wp-json\/wp\/v2\/users\/1"}],"replies":[{"embeddable":true,"href":"http:\/\/www.zeytindergisi.com\/index.php\/wp-json\/wp\/v2\/comments?post=36"}],"version-history":[{"count":7,"href":"http:\/\/www.zeytindergisi.com\/index.php\/wp-json\/wp\/v2\/pages\/36\/revisions"}],"predecessor-version":[{"id":454,"href":"http:\/\/www.zeytindergisi.com\/index.php\/wp-json\/wp\/v2\/pages\/36\/revisions\/454"}],"wp:attachment":[{"href":"http:\/\/www.zeytindergisi.com\/index.php\/wp-json\/wp\/v2\/media?parent=36"}],"curies":[{"name":"wp","href":"https:\/\/api.w.org\/{rel}","templated":true}]}}